{"id":917,"date":"2022-02-07T14:05:44","date_gmt":"2022-02-07T20:05:44","guid":{"rendered":"https:\/\/creacionesmangoo.com\/tienda\/?post_type=product&#038;p=917"},"modified":"2022-02-09T11:41:16","modified_gmt":"2022-02-09T17:41:16","slug":"taza-tempo","status":"publish","type":"product","link":"https:\/\/creacionesmangoo.com\/tienda\/producto\/taza-tempo\/","title":{"rendered":"TAZA TEMPO"},"content":{"rendered":"<p>TAZA TEMPO (Taza con terminado met\u00e1lico)<\/p>\n<p>MATERIAL: Cer\u00e1mica<\/p>\n<p>TAMA\u00d1O: 8 x 10 cm<\/p>\n<p>CAPACIDAD: 15 Oz<\/p>\n<p>T\u00c9CNICA: Serigraf\u00eda<\/p>\n<p>\u00c1REA: 5.5 x 5.5 cm<\/p>\n","protected":false},"excerpt":{"rendered":"<p>TAZA TEMPO (Taza con terminado met\u00e1lico) MATERIAL: Cer\u00e1mica TAMA\u00d1O: 8 x 10 cm CAPACIDAD: 15 Oz T\u00c9CNICA: Serigraf\u00eda \u00c1REA: 5.5 x 5.5 cm<\/p>\n","protected":false},"featured_media":921,"template":"","meta":[],"product_cat":[45],"product_tag":[],"class_list":["post-917","product","type-product","status-publish","has-post-thumbnail","hentry","product_cat-tazas-lisas-metalicas"],"_links":{"self":[{"href":"https:\/\/creacionesmangoo.com\/tienda\/wp-json\/wp\/v2\/product\/917","targetHints":{"allow":["GET"]}}],"collection":[{"href":"https:\/\/creacionesmangoo.com\/tienda\/wp-json\/wp\/v2\/product"}],"about":[{"href":"https:\/\/creacionesmangoo.com\/tienda\/wp-json\/wp\/v2\/types\/product"}],"wp:featuredmedia":[{"embeddable":true,"href":"https:\/\/creacionesmangoo.com\/tienda\/wp-json\/wp\/v2\/media\/921"}],"wp:attachment":[{"href":"https:\/\/creacionesmangoo.com\/tienda\/wp-json\/wp\/v2\/media?parent=917"}],"wp:term":[{"taxonomy":"product_cat","embeddable":true,"href":"https:\/\/creacionesmangoo.com\/tienda\/wp-json\/wp\/v2\/product_cat?post=917"},{"taxonomy":"product_tag","embeddable":true,"href":"https:\/\/creacionesmangoo.com\/tienda\/wp-json\/wp\/v2\/product_tag?post=917"}],"curies":[{"name":"wp","href":"https:\/\/api.w.org\/{rel}","templated":true}]}}