{"id":630,"date":"2021-12-21T12:01:47","date_gmt":"2021-12-21T18:01:47","guid":{"rendered":"https:\/\/creacionesmangoo.com\/tienda\/?post_type=product&#038;p=630"},"modified":"2022-01-26T11:46:33","modified_gmt":"2022-01-26T17:46:33","slug":"termo-vicare","status":"publish","type":"product","link":"https:\/\/creacionesmangoo.com\/tienda\/producto\/termo-vicare\/","title":{"rendered":"TERMO VICARE"},"content":{"rendered":"<p>TERMO VICARE 450ML, DOBLE PARED, PARED INTERIOR PL\u00c1STICO, PARED EXTERIOR ACERO INOXIDABLE, INCLUYE V\u00c1LVULA DE SEGURIDAD Y BANDA DE SILIC\u00d3N 8.4 X 21 CM<\/p>\n","protected":false},"excerpt":{"rendered":"<p>TERMO VICARE 450ML, DOBLE PARED, PARED INTERIOR PL\u00c1STICO, PARED EXTERIOR ACERO INOXIDABLE, INCLUYE V\u00c1LVULA DE SEGURIDAD Y BANDA DE SILIC\u00d3N 8.4 X 21 CM<\/p>\n","protected":false},"featured_media":743,"template":"","meta":[],"product_cat":[21],"product_tag":[],"class_list":["post-630","product","type-product","status-publish","has-post-thumbnail","hentry","product_cat-termos-grabados"],"_links":{"self":[{"href":"https:\/\/creacionesmangoo.com\/tienda\/wp-json\/wp\/v2\/product\/630","targetHints":{"allow":["GET"]}}],"collection":[{"href":"https:\/\/creacionesmangoo.com\/tienda\/wp-json\/wp\/v2\/product"}],"about":[{"href":"https:\/\/creacionesmangoo.com\/tienda\/wp-json\/wp\/v2\/types\/product"}],"wp:featuredmedia":[{"embeddable":true,"href":"https:\/\/creacionesmangoo.com\/tienda\/wp-json\/wp\/v2\/media\/743"}],"wp:attachment":[{"href":"https:\/\/creacionesmangoo.com\/tienda\/wp-json\/wp\/v2\/media?parent=630"}],"wp:term":[{"taxonomy":"product_cat","embeddable":true,"href":"https:\/\/creacionesmangoo.com\/tienda\/wp-json\/wp\/v2\/product_cat?post=630"},{"taxonomy":"product_tag","embeddable":true,"href":"https:\/\/creacionesmangoo.com\/tienda\/wp-json\/wp\/v2\/product_tag?post=630"}],"curies":[{"name":"wp","href":"https:\/\/api.w.org\/{rel}","templated":true}]}}