{"id":519,"date":"2021-12-20T14:11:26","date_gmt":"2021-12-20T20:11:26","guid":{"rendered":"https:\/\/creacionesmangoo.com\/tienda\/?post_type=product&#038;p=519"},"modified":"2022-01-26T13:42:25","modified_gmt":"2022-01-26T19:42:25","slug":"termo-areuse","status":"publish","type":"product","link":"https:\/\/creacionesmangoo.com\/tienda\/producto\/termo-areuse\/","title":{"rendered":"TERMO AREUSE"},"content":{"rendered":"<p>TERMO AREUSE 450ML, DOBLE PARED, PARED INTERIOR PL\u00c1STICO, PARED EXTERIOR ACERO INOXIDABLE, CUERPO PRISM\u00c1TICO, INCLUYE V\u00c1LVULA DE SEGURIDAD, 7.2 X 21.8 CM<\/p>\n","protected":false},"excerpt":{"rendered":"<p>TERMO AREUSE 450ML, DOBLE PARED, PARED INTERIOR PL\u00c1STICO, PARED EXTERIOR ACERO INOXIDABLE, CUERPO PRISM\u00c1TICO, INCLUYE V\u00c1LVULA DE SEGURIDAD, 7.2 X 21.8 CM<\/p>\n","protected":false},"featured_media":706,"template":"","meta":[],"product_cat":[21],"product_tag":[],"class_list":["post-519","product","type-product","status-publish","has-post-thumbnail","hentry","product_cat-termos-grabados"],"_links":{"self":[{"href":"https:\/\/creacionesmangoo.com\/tienda\/wp-json\/wp\/v2\/product\/519","targetHints":{"allow":["GET"]}}],"collection":[{"href":"https:\/\/creacionesmangoo.com\/tienda\/wp-json\/wp\/v2\/product"}],"about":[{"href":"https:\/\/creacionesmangoo.com\/tienda\/wp-json\/wp\/v2\/types\/product"}],"wp:featuredmedia":[{"embeddable":true,"href":"https:\/\/creacionesmangoo.com\/tienda\/wp-json\/wp\/v2\/media\/706"}],"wp:attachment":[{"href":"https:\/\/creacionesmangoo.com\/tienda\/wp-json\/wp\/v2\/media?parent=519"}],"wp:term":[{"taxonomy":"product_cat","embeddable":true,"href":"https:\/\/creacionesmangoo.com\/tienda\/wp-json\/wp\/v2\/product_cat?post=519"},{"taxonomy":"product_tag","embeddable":true,"href":"https:\/\/creacionesmangoo.com\/tienda\/wp-json\/wp\/v2\/product_tag?post=519"}],"curies":[{"name":"wp","href":"https:\/\/api.w.org\/{rel}","templated":true}]}}