{"id":503,"date":"2021-12-20T13:43:55","date_gmt":"2021-12-20T19:43:55","guid":{"rendered":"https:\/\/creacionesmangoo.com\/tienda\/?post_type=product&#038;p=503"},"modified":"2022-01-26T14:32:21","modified_gmt":"2022-01-26T20:32:21","slug":"termo-akan","status":"publish","type":"product","link":"https:\/\/creacionesmangoo.com\/tienda\/producto\/termo-akan\/","title":{"rendered":"TERMO AKAN"},"content":{"rendered":"<p>TERMO AKAN 600ML, ACERO INOXIDABLE\/PL\u00c1STICO 7.3 x 28.2 CM, DOBLE PARED, CERRADO AL VAC\u00cdO, INCLUYE TAZA CON AGARRADERA Y V\u00c1LVULA DE SEGURIDAD<\/p>\n","protected":false},"excerpt":{"rendered":"<p>TERMO AKAN 600ML, ACERO INOXIDABLE\/PL\u00c1STICO 7.3 x 28.2 CM, DOBLE PARED, CERRADO AL VAC\u00cdO, INCLUYE TAZA CON AGARRADERA Y V\u00c1LVULA DE SEGURIDAD<\/p>\n","protected":false},"featured_media":714,"template":"","meta":[],"product_cat":[21],"product_tag":[],"class_list":["post-503","product","type-product","status-publish","has-post-thumbnail","hentry","product_cat-termos-grabados"],"_links":{"self":[{"href":"https:\/\/creacionesmangoo.com\/tienda\/wp-json\/wp\/v2\/product\/503","targetHints":{"allow":["GET"]}}],"collection":[{"href":"https:\/\/creacionesmangoo.com\/tienda\/wp-json\/wp\/v2\/product"}],"about":[{"href":"https:\/\/creacionesmangoo.com\/tienda\/wp-json\/wp\/v2\/types\/product"}],"wp:featuredmedia":[{"embeddable":true,"href":"https:\/\/creacionesmangoo.com\/tienda\/wp-json\/wp\/v2\/media\/714"}],"wp:attachment":[{"href":"https:\/\/creacionesmangoo.com\/tienda\/wp-json\/wp\/v2\/media?parent=503"}],"wp:term":[{"taxonomy":"product_cat","embeddable":true,"href":"https:\/\/creacionesmangoo.com\/tienda\/wp-json\/wp\/v2\/product_cat?post=503"},{"taxonomy":"product_tag","embeddable":true,"href":"https:\/\/creacionesmangoo.com\/tienda\/wp-json\/wp\/v2\/product_tag?post=503"}],"curies":[{"name":"wp","href":"https:\/\/api.w.org\/{rel}","templated":true}]}}