{"id":300,"date":"2021-12-04T12:29:55","date_gmt":"2021-12-04T18:29:55","guid":{"rendered":"https:\/\/creacionesmangoo.com\/tienda\/?post_type=product&#038;p=300"},"modified":"2021-12-04T12:34:29","modified_gmt":"2021-12-04T18:34:29","slug":"taza-magica-asa-de-corazon-con-tapa","status":"publish","type":"product","link":"https:\/\/creacionesmangoo.com\/tienda\/producto\/taza-magica-asa-de-corazon-con-tapa\/","title":{"rendered":"TAZA M\u00c1GICA ASA DE CORAZ\u00d3N CON TAPA"},"content":{"rendered":"<p>TAZA M\u00c1GICA ASA DE CORAZ\u00d3N CON\u00a0 BASE Y TAPA DE SILICONA 11OZ<\/p>\n","protected":false},"excerpt":{"rendered":"<p>TAZA M\u00c1GICA ASA DE CORAZ\u00d3N CON\u00a0 BASE Y TAPA DE SILICONA 11OZ<\/p>\n","protected":false},"featured_media":312,"template":"","meta":[],"product_brand":[],"product_cat":[15],"product_tag":[],"class_list":{"0":"post-300","1":"product","2":"type-product","3":"status-publish","4":"has-post-thumbnail","6":"product_cat-tazas-estampadas","8":"first","9":"instock","10":"taxable","11":"shipping-taxable","12":"purchasable","13":"product-type-variable"},"_links":{"self":[{"href":"https:\/\/creacionesmangoo.com\/tienda\/wp-json\/wp\/v2\/product\/300","targetHints":{"allow":["GET"]}}],"collection":[{"href":"https:\/\/creacionesmangoo.com\/tienda\/wp-json\/wp\/v2\/product"}],"about":[{"href":"https:\/\/creacionesmangoo.com\/tienda\/wp-json\/wp\/v2\/types\/product"}],"wp:featuredmedia":[{"embeddable":true,"href":"https:\/\/creacionesmangoo.com\/tienda\/wp-json\/wp\/v2\/media\/312"}],"wp:attachment":[{"href":"https:\/\/creacionesmangoo.com\/tienda\/wp-json\/wp\/v2\/media?parent=300"}],"wp:term":[{"taxonomy":"product_brand","embeddable":true,"href":"https:\/\/creacionesmangoo.com\/tienda\/wp-json\/wp\/v2\/product_brand?post=300"},{"taxonomy":"product_cat","embeddable":true,"href":"https:\/\/creacionesmangoo.com\/tienda\/wp-json\/wp\/v2\/product_cat?post=300"},{"taxonomy":"product_tag","embeddable":true,"href":"https:\/\/creacionesmangoo.com\/tienda\/wp-json\/wp\/v2\/product_tag?post=300"}],"curies":[{"name":"wp","href":"https:\/\/api.w.org\/{rel}","templated":true}]}}